{"id":159,"date":"2019-09-18T04:57:54","date_gmt":"2019-09-18T04:57:54","guid":{"rendered":"https:\/\/the7.io\/yoga\/?page_id=159"},"modified":"2022-03-31T10:43:13","modified_gmt":"2022-03-31T08:43:13","slug":"kontakty","status":"publish","type":"page","link":"https:\/\/frymer.eu\/index.php\/kontakty\/","title":{"rendered":"Kontakty"},"content":{"rendered":"<p>[vc_row full_width=&#8220;stretch_row_content_no_spaces&#8220; equal_height=&#8220;yes&#8220; content_placement=&#8220;top&#8220;][vc_column width=&#8220;1\/2&#8243; css=&#8220;.vc_custom_1571562230026{padding-top: 50px !important;padding-right: 50px !important;padding-bottom: 20px !important;padding-left: 50px !important;background-color: #fbfafa !important;}&#8220;]<div id=\"ultimate-heading-881869dce756c74dc\" class=\"uvc-heading ult-adjust-bottom-margin ultimate-heading-881869dce756c74dc uvc-9460  uvc-heading-default-font-sizes\" data-hspacer=\"no_spacer\"  data-halign=\"left\" style=\"text-align:left\"><div class=\"uvc-heading-spacer no_spacer\" style=\"top\"><\/div><div class=\"uvc-main-heading ult-responsive\"  data-ultimate-target='.uvc-heading.ultimate-heading-881869dce756c74dc h2'  data-responsive-json-new='{\"font-size\":\"\",\"line-height\":\"\"}' ><h2 style=\"--font-weight:theme;margin-bottom:30px;\">Kde n\u00e1s najdete<\/h2><\/div><\/div>[vc_raw_html]JTNDaWZyYW1lJTIwc3JjJTNEJTIyaHR0cHMlM0ElMkYlMkZ3d3cuZ29vZ2xlLmNvbSUyRm1hcHMlMkZlbWJlZCUzRnBiJTNEJTIxMW0xOCUyMTFtMTIlMjExbTMlMjExZDI1NDkuMDMwMTU0NjA5NTMyJTIxMmQxMy43MzEwMDE2MTU1NDg2JTIxM2Q1MC4yOTEzNjQ5Nzk0NTM3MjUlMjEybTMlMjExZjAlMjEyZjAlMjEzZjAlMjEzbTIlMjExaTEwMjQlMjEyaTc2OCUyMTRmMTMuMSUyMTNtMyUyMTFtMiUyMTFzMHg0NzBhM2EwNTc4ZGUzZGFiJTI1M0EweDI0ZTcxYzcyZjE1MDA1NTQlMjEyc0glMjVDNSUyNTk5aXZpY2UlMjUyMDE5MSUyNTJDJTI1MjA0MzklMjUyMDY1JTI1MjBIJTI1QzUlMjU5OWl2aWNlJTIxNWUwJTIxM20yJTIxMXNjcyUyMTJzY3olMjE0djE2MTkxNjk2MjMxOTElMjE1bTIlMjExc2NzJTIxMnNjeiUyMiUyMHdpZHRoJTNEJTIyMTAwJTI1JTIyJTIwaGVpZ2h0JTNEJTIyNDUwJTIyJTIwc3R5bGUlM0QlMjJib3JkZXIlM0EwJTNCJTIyJTIwYWxsb3dmdWxsc2NyZWVuJTNEJTIyJTIyJTIwbG9hZGluZyUzRCUyMmxhenklMjIlM0UlM0MlMkZpZnJhbWUlM0U=[\/vc_raw_html][\/vc_column][vc_column width=&#8220;1\/2&#8243; css=&#8220;.vc_custom_1571562136338{padding-top: 50px !important;padding-right: 50px !important;padding-bottom: 50px !important;padding-left: 50px !important;background-color: #ececec !important;}&#8220;]<div id=\"ultimate-heading-211769dce756c75d8\" class=\"uvc-heading ult-adjust-bottom-margin ultimate-heading-211769dce756c75d8 uvc-1347  uvc-heading-default-font-sizes\" data-hspacer=\"no_spacer\"  data-halign=\"left\" style=\"text-align:left\"><div class=\"uvc-heading-spacer no_spacer\" style=\"top\"><\/div><div class=\"uvc-main-heading ult-responsive\"  data-ultimate-target='.uvc-heading.ultimate-heading-211769dce756c75d8 h2'  data-responsive-json-new='{\"font-size\":\"\",\"line-height\":\"\"}' ><h2 style=\"--font-weight:theme;margin-bottom:30px;\">Kontaktn\u00ed informace<\/h2><\/div><div class=\"uvc-sub-heading ult-responsive\"  data-ultimate-target='.uvc-heading.ultimate-heading-211769dce756c75d8 .uvc-sub-heading '  data-responsive-json-new='{\"font-size\":\"\",\"line-height\":\"\"}'  style=\"font-weight:normal;margin-bottom:30px;\"><\/p>\n<h3>Provozovna<\/h3>\n<p><strong>frymer.eu, s.r.o.<\/strong><br \/>\n<strong>Miroslav Fry\u010d<\/strong><br \/>\nH\u0159ivice 191, 43965 H\u0159ivice<br \/>\nTelefon: +420 724 299 569<br \/>\nE-mail: info@frymer.eu<\/p>\n<h3>S\u00eddlo firmy<\/h3>\n<p>Kaprova 42\/14, 110 01 Praha<br \/>\nTel: +420 724 299 569<br \/>\nI\u010c: 29355443<br \/>\nDI\u010c: CZ29355443<br \/>\nDatov\u00e1 schr\u00e1nka: vinc646<\/div><\/div>[\/vc_column][\/vc_row][vc_row full_width=&#8220;stretch_row_content_no_spaces&#8220; equal_height=&#8220;yes&#8220; content_placement=&#8220;top&#8220; el_class=&#8220;reverse-row-on-mobile&#8220;][vc_column width=&#8220;1\/2&#8243; css=&#8220;.vc_custom_1571562273382{padding-top: 50px !important;padding-right: 50px !important;padding-bottom: 50px !important;padding-left: 50px !important;background-color: #ececec !important;}&#8220;]<div id=\"ultimate-heading-455469dce756c7672\" class=\"uvc-heading ult-adjust-bottom-margin ultimate-heading-455469dce756c7672 uvc-9045  uvc-heading-default-font-sizes\" data-hspacer=\"no_spacer\"  data-halign=\"left\" style=\"text-align:left\"><div class=\"uvc-heading-spacer no_spacer\" style=\"top\"><\/div><div class=\"uvc-main-heading ult-responsive\"  data-ultimate-target='.uvc-heading.ultimate-heading-455469dce756c7672 h2'  data-responsive-json-new='{\"font-size\":\"\",\"line-height\":\"\"}' ><h2 style=\"--font-weight:theme;margin-bottom:30px;\">Provozn\u00ed doba<\/h2><\/div><div class=\"uvc-sub-heading ult-responsive\"  data-ultimate-target='.uvc-heading.ultimate-heading-455469dce756c7672 .uvc-sub-heading '  data-responsive-json-new='{\"font-size\":\"\",\"line-height\":\"\"}'  style=\"font-weight:normal;\"><\/p>\n<pre>Pond\u011bl\u00ed\u00a0 \u00a0 \u00a0  8:00 \u2013 16:00\r\n\u00dater\u00fd\u00a0 \u00a0 \u00a0 \u00a0  8:00 \u2013 16:00\r\nSt\u0159eda\u00a0 \u00a0 \u00a0 \u00a0 8:00 \u2013 16:00\r\n\u010ctvrtek\u00a0 \u00a0 \u00a0 \u00a08:00 \u2013 16:00\r\nP\u00e1tek\u00a0 \u00a0 \u00a0 \u00a0 \u00a08:00 \u2013 16:00\r\n<\/pre>\n<p><\/div><\/div>[\/vc_column][vc_column width=&#8220;1\/2&#8243; css=&#8220;.vc_custom_1571562566387{padding-top: 50px !important;padding-right: 50px !important;padding-bottom: 50px !important;padding-left: 50px !important;background-color: #fbfafa !important;}&#8220;]<div id=\"ultimate-heading-225969dce756c76f5\" class=\"uvc-heading ult-adjust-bottom-margin ultimate-heading-225969dce756c76f5 uvc-2202  uvc-heading-default-font-sizes\" data-hspacer=\"no_spacer\"  data-halign=\"left\" style=\"text-align:left\"><div class=\"uvc-heading-spacer no_spacer\" style=\"top\"><\/div><div class=\"uvc-main-heading ult-responsive\"  data-ultimate-target='.uvc-heading.ultimate-heading-225969dce756c76f5 h2'  data-responsive-json-new='{\"font-size\":\"\",\"line-height\":\"\"}' ><h2 style=\"--font-weight:theme;margin-bottom:30px;\">Napi\u0161te n\u00e1m<\/h2><\/div><\/div><form class=\"dt-contact-form dt-form privacy-form\" method=\"post\"><input type=\"hidden\" name=\"widget_id\" value=\"presscore-contact-form-widget--1\" \/><input type=\"hidden\" name=\"send_message\" value=\"\" \/><input type=\"hidden\" name=\"security_token\" value=\"fc06f58c2df113af8c2f\"\/><div class=\"form-fields\"><span class=\"form-name\"><label class=\"assistive-text\">Jm\u00e9no *<\/label><input type=\"text\" class=\"validate[required]\" placeholder=\"Jm\u00e9no *\" name=\"name\" value=\"\" aria-required=\"true\">\n<\/span><span class=\"form-mail\"><label class=\"assistive-text\">E-mail *<\/label><input type=\"text\" class=\"validate[required,custom[email]]\" placeholder=\"E-mail *\" name=\"email\" value=\"\" aria-required=\"true\">\n<\/span><span class=\"form-telephone\"><label class=\"assistive-text\">Telefon<\/label><input type=\"text\" placeholder=\"Telefon\" name=\"telephone\" value=\"\" aria-required=\"false\">\n<\/span><\/div><span class=\"form-message\"><label class=\"assistive-text\">Zpr\u00e1va<\/label><textarea placeholder=\"Zpr\u00e1va\" name=\"message\" rows=\"6\" aria-required=\"false\"><\/textarea>\n<\/span><div class=\"the7-g-captcha\"><\/div><p class=\"the7-form-terms-wrap\"><input type=\"checkbox\" id=\"the7-form-terms-182be0c5cdcd5072bb1864cdee4d3d6e\" name=\"terms\" class=\"validate[required] the7-form-terms\" aria-required=\"true\" \/>&nbsp;<label for=\"the7-form-terms-182be0c5cdcd5072bb1864cdee4d3d6e\"><span class=\"form-terms-text\">Pou\u017eit\u00edm tohoto formul\u00e1\u0159e souhlas\u00edte s ukl\u00e1d\u00e1n\u00edm a nakl\u00e1d\u00e1n\u00edm s va\u0161imi \u00fadaji t\u00edmto webem.<\/span><\/label><\/p><p><a href=\"#\" class=\"dt-btn dt-btn-m dt-btn-submit\" rel=\"nofollow\"><span>Odeslat zpr\u00e1vu<\/span><\/a><input class=\"assistive-text\" type=\"submit\" value=\"odeslat\"><\/p><\/form>\n[\/vc_column][\/vc_row]<\/p>\n","protected":false},"excerpt":{"rendered":"<p>[vc_row full_width=&#8220;stretch_row_content_no_spaces&#8220; equal_height=&#8220;yes&#8220; content_placement=&#8220;top&#8220;][vc_column width=&#8220;1\/2&#8243; css=&#8220;.vc_custom_1571562230026{padding-top: 50px !important;padding-right: 50px !important;padding-bottom: 20px !important;padding-left: 50px !important;background-color: #fbfafa !important;}&#8220;][vc_raw_html]JTNDaWZyYW1lJTIwc3JjJTNEJTIyaHR0cHMlM0ElMkYlMkZ3d3cuZ29vZ2xlLmNvbSUyRm1hcHMlMkZlbWJlZCUzRnBiJTNEJTIxMW0xOCUyMTFtMTIlMjExbTMlMjExZDI1NDkuMDMwMTU0NjA5NTMyJTIxMmQxMy43MzEwMDE2MTU1NDg2JTIxM2Q1MC4yOTEzNjQ5Nzk0NTM3MjUlMjEybTMlMjExZjAlMjEyZjAlMjEzZjAlMjEzbTIlMjExaTEwMjQlMjEyaTc2OCUyMTRmMTMuMSUyMTNtMyUyMTFtMiUyMTFzMHg0NzBhM2EwNTc4ZGUzZGFiJTI1M0EweDI0ZTcxYzcyZjE1MDA1NTQlMjEyc0glMjVDNSUyNTk5aXZpY2UlMjUyMDE5MSUyNTJDJTI1MjA0MzklMjUyMDY1JTI1MjBIJTI1QzUlMjU5OWl2aWNlJTIxNWUwJTIxM20yJTIxMXNjcyUyMTJzY3olMjE0djE2MTkxNjk2MjMxOTElMjE1bTIlMjExc2NzJTIxMnNjeiUyMiUyMHdpZHRoJTNEJTIyMTAwJTI1JTIyJTIwaGVpZ2h0JTNEJTIyNDUwJTIyJTIwc3R5bGUlM0QlMjJib3JkZXIlM0EwJTNCJTIyJTIwYWxsb3dmdWxsc2NyZWVuJTNEJTIyJTIyJTIwbG9hZGluZyUzRCUyMmxhenklMjIlM0UlM0MlMkZpZnJhbWUlM0U=[\/vc_raw_html][\/vc_column][vc_column width=&#8220;1\/2&#8243; css=&#8220;.vc_custom_1571562136338{padding-top: 50px !important;padding-right: 50px !important;padding-bottom: 50px !important;padding-left: 50px !important;background-color: #ececec !important;}&#8220;][\/vc_column][\/vc_row][vc_row full_width=&#8220;stretch_row_content_no_spaces&#8220; equal_height=&#8220;yes&#8220; content_placement=&#8220;top&#8220; el_class=&#8220;reverse-row-on-mobile&#8220;][vc_column width=&#8220;1\/2&#8243; css=&#8220;.vc_custom_1571562273382{padding-top: 50px !important;padding-right: 50px !important;padding-bottom: 50px !important;padding-left: 50px !important;background-color: #ececec !important;}&#8220;][\/vc_column][vc_column width=&#8220;1\/2&#8243; css=&#8220;.vc_custom_1571562566387{padding-top: 50px !important;padding-right: 50px !important;padding-bottom: 50px !important;padding-left: 50px !important;background-color: #fbfafa&hellip;<\/p>\n","protected":false},"author":1,"featured_media":0,"parent":0,"menu_order":0,"comment_status":"closed","ping_status":"closed","template":"","meta":{"footnotes":""},"class_list":["post-159","page","type-page","status-publish","hentry","description-off"],"yoast_head":"<!-- This site is optimized with the Yoast SEO plugin v27.0 - https:\/\/yoast.com\/product\/yoast-seo-wordpress\/ -->\n<title>Kontakty - Frymer.eu<\/title>\n<meta name=\"robots\" content=\"index, follow, max-snippet:-1, max-image-preview:large, max-video-preview:-1\" \/>\n<link rel=\"canonical\" href=\"https:\/\/frymer.eu\/index.php\/kontakty\/\" \/>\n<meta property=\"og:locale\" content=\"cs_CZ\" \/>\n<meta property=\"og:type\" content=\"article\" \/>\n<meta property=\"og:title\" content=\"Kontakty - Frymer.eu\" \/>\n<meta property=\"og:description\" content=\"[vc_row full_width=&#8220;stretch_row_content_no_spaces&#8220; equal_height=&#8220;yes&#8220; content_placement=&#8220;top&#8220;][vc_column width=&#8220;1\/2&#8243; css=&#8220;.vc_custom_1571562230026{padding-top: 50px !important;padding-right: 50px !important;padding-bottom: 20px !important;padding-left: 50px !important;background-color: #fbfafa !important;}&#8220;][vc_raw_html]JTNDaWZyYW1lJTIwc3JjJTNEJTIyaHR0cHMlM0ElMkYlMkZ3d3cuZ29vZ2xlLmNvbSUyRm1hcHMlMkZlbWJlZCUzRnBiJTNEJTIxMW0xOCUyMTFtMTIlMjExbTMlMjExZDI1NDkuMDMwMTU0NjA5NTMyJTIxMmQxMy43MzEwMDE2MTU1NDg2JTIxM2Q1MC4yOTEzNjQ5Nzk0NTM3MjUlMjEybTMlMjExZjAlMjEyZjAlMjEzZjAlMjEzbTIlMjExaTEwMjQlMjEyaTc2OCUyMTRmMTMuMSUyMTNtMyUyMTFtMiUyMTFzMHg0NzBhM2EwNTc4ZGUzZGFiJTI1M0EweDI0ZTcxYzcyZjE1MDA1NTQlMjEyc0glMjVDNSUyNTk5aXZpY2UlMjUyMDE5MSUyNTJDJTI1MjA0MzklMjUyMDY1JTI1MjBIJTI1QzUlMjU5OWl2aWNlJTIxNWUwJTIxM20yJTIxMXNjcyUyMTJzY3olMjE0djE2MTkxNjk2MjMxOTElMjE1bTIlMjExc2NzJTIxMnNjeiUyMiUyMHdpZHRoJTNEJTIyMTAwJTI1JTIyJTIwaGVpZ2h0JTNEJTIyNDUwJTIyJTIwc3R5bGUlM0QlMjJib3JkZXIlM0EwJTNCJTIyJTIwYWxsb3dmdWxsc2NyZWVuJTNEJTIyJTIyJTIwbG9hZGluZyUzRCUyMmxhenklMjIlM0UlM0MlMkZpZnJhbWUlM0U=[\/vc_raw_html][\/vc_column][vc_column width=&#8220;1\/2&#8243; css=&#8220;.vc_custom_1571562136338{padding-top: 50px !important;padding-right: 50px !important;padding-bottom: 50px !important;padding-left: 50px !important;background-color: #ececec !important;}&#8220;][\/vc_column][\/vc_row][vc_row full_width=&#8220;stretch_row_content_no_spaces&#8220; equal_height=&#8220;yes&#8220; content_placement=&#8220;top&#8220; el_class=&#8220;reverse-row-on-mobile&#8220;][vc_column width=&#8220;1\/2&#8243; css=&#8220;.vc_custom_1571562273382{padding-top: 50px !important;padding-right: 50px !important;padding-bottom: 50px !important;padding-left: 50px !important;background-color: #ececec !important;}&#8220;][\/vc_column][vc_column width=&#8220;1\/2&#8243; css=&#8220;.vc_custom_1571562566387{padding-top: 50px !important;padding-right: 50px !important;padding-bottom: 50px !important;padding-left: 50px !important;background-color: #fbfafa&hellip;\" \/>\n<meta property=\"og:url\" content=\"https:\/\/frymer.eu\/index.php\/kontakty\/\" \/>\n<meta property=\"og:site_name\" content=\"Frymer.eu\" \/>\n<meta property=\"article:modified_time\" content=\"2022-03-31T08:43:13+00:00\" \/>\n<meta name=\"twitter:card\" content=\"summary_large_image\" \/>\n<meta name=\"twitter:label1\" content=\"Odhadovan\u00e1 doba \u010dten\u00ed\" \/>\n\t<meta name=\"twitter:data1\" content=\"1 minuta\" \/>\n<script type=\"application\/ld+json\" class=\"yoast-schema-graph\">{\"@context\":\"https:\/\/schema.org\",\"@graph\":[{\"@type\":\"WebPage\",\"@id\":\"https:\/\/frymer.eu\/index.php\/kontakty\/\",\"url\":\"https:\/\/frymer.eu\/index.php\/kontakty\/\",\"name\":\"Kontakty - Frymer.eu\",\"isPartOf\":{\"@id\":\"https:\/\/frymer.eu\/#website\"},\"datePublished\":\"2019-09-18T04:57:54+00:00\",\"dateModified\":\"2022-03-31T08:43:13+00:00\",\"breadcrumb\":{\"@id\":\"https:\/\/frymer.eu\/index.php\/kontakty\/#breadcrumb\"},\"inLanguage\":\"cs\",\"potentialAction\":[{\"@type\":\"ReadAction\",\"target\":[\"https:\/\/frymer.eu\/index.php\/kontakty\/\"]}]},{\"@type\":\"BreadcrumbList\",\"@id\":\"https:\/\/frymer.eu\/index.php\/kontakty\/#breadcrumb\",\"itemListElement\":[{\"@type\":\"ListItem\",\"position\":1,\"name\":\"Dom\u016f\",\"item\":\"https:\/\/frymer.eu\/\"},{\"@type\":\"ListItem\",\"position\":2,\"name\":\"Kontakty\"}]},{\"@type\":\"WebSite\",\"@id\":\"https:\/\/frymer.eu\/#website\",\"url\":\"https:\/\/frymer.eu\/\",\"name\":\"Frymer.eu\",\"description\":\"V\u00fdroba a speci\u00e1ln\u00ed \u00fapravy elektrocentr\u00e1l\",\"potentialAction\":[{\"@type\":\"SearchAction\",\"target\":{\"@type\":\"EntryPoint\",\"urlTemplate\":\"https:\/\/frymer.eu\/?s={search_term_string}\"},\"query-input\":{\"@type\":\"PropertyValueSpecification\",\"valueRequired\":true,\"valueName\":\"search_term_string\"}}],\"inLanguage\":\"cs\"}]}<\/script>\n<!-- \/ Yoast SEO plugin. -->","yoast_head_json":{"title":"Kontakty - Frymer.eu","robots":{"index":"index","follow":"follow","max-snippet":"max-snippet:-1","max-image-preview":"max-image-preview:large","max-video-preview":"max-video-preview:-1"},"canonical":"https:\/\/frymer.eu\/index.php\/kontakty\/","og_locale":"cs_CZ","og_type":"article","og_title":"Kontakty - Frymer.eu","og_description":"[vc_row full_width=&#8220;stretch_row_content_no_spaces&#8220; equal_height=&#8220;yes&#8220; content_placement=&#8220;top&#8220;][vc_column width=&#8220;1\/2&#8243; css=&#8220;.vc_custom_1571562230026{padding-top: 50px !important;padding-right: 50px !important;padding-bottom: 20px !important;padding-left: 50px !important;background-color: #fbfafa !important;}&#8220;][vc_raw_html]JTNDaWZyYW1lJTIwc3JjJTNEJTIyaHR0cHMlM0ElMkYlMkZ3d3cuZ29vZ2xlLmNvbSUyRm1hcHMlMkZlbWJlZCUzRnBiJTNEJTIxMW0xOCUyMTFtMTIlMjExbTMlMjExZDI1NDkuMDMwMTU0NjA5NTMyJTIxMmQxMy43MzEwMDE2MTU1NDg2JTIxM2Q1MC4yOTEzNjQ5Nzk0NTM3MjUlMjEybTMlMjExZjAlMjEyZjAlMjEzZjAlMjEzbTIlMjExaTEwMjQlMjEyaTc2OCUyMTRmMTMuMSUyMTNtMyUyMTFtMiUyMTFzMHg0NzBhM2EwNTc4ZGUzZGFiJTI1M0EweDI0ZTcxYzcyZjE1MDA1NTQlMjEyc0glMjVDNSUyNTk5aXZpY2UlMjUyMDE5MSUyNTJDJTI1MjA0MzklMjUyMDY1JTI1MjBIJTI1QzUlMjU5OWl2aWNlJTIxNWUwJTIxM20yJTIxMXNjcyUyMTJzY3olMjE0djE2MTkxNjk2MjMxOTElMjE1bTIlMjExc2NzJTIxMnNjeiUyMiUyMHdpZHRoJTNEJTIyMTAwJTI1JTIyJTIwaGVpZ2h0JTNEJTIyNDUwJTIyJTIwc3R5bGUlM0QlMjJib3JkZXIlM0EwJTNCJTIyJTIwYWxsb3dmdWxsc2NyZWVuJTNEJTIyJTIyJTIwbG9hZGluZyUzRCUyMmxhenklMjIlM0UlM0MlMkZpZnJhbWUlM0U=[\/vc_raw_html][\/vc_column][vc_column width=&#8220;1\/2&#8243; css=&#8220;.vc_custom_1571562136338{padding-top: 50px !important;padding-right: 50px !important;padding-bottom: 50px !important;padding-left: 50px !important;background-color: #ececec !important;}&#8220;][\/vc_column][\/vc_row][vc_row full_width=&#8220;stretch_row_content_no_spaces&#8220; equal_height=&#8220;yes&#8220; content_placement=&#8220;top&#8220; el_class=&#8220;reverse-row-on-mobile&#8220;][vc_column width=&#8220;1\/2&#8243; css=&#8220;.vc_custom_1571562273382{padding-top: 50px !important;padding-right: 50px !important;padding-bottom: 50px !important;padding-left: 50px !important;background-color: #ececec !important;}&#8220;][\/vc_column][vc_column width=&#8220;1\/2&#8243; css=&#8220;.vc_custom_1571562566387{padding-top: 50px !important;padding-right: 50px !important;padding-bottom: 50px !important;padding-left: 50px !important;background-color: #fbfafa&hellip;","og_url":"https:\/\/frymer.eu\/index.php\/kontakty\/","og_site_name":"Frymer.eu","article_modified_time":"2022-03-31T08:43:13+00:00","twitter_card":"summary_large_image","twitter_misc":{"Odhadovan\u00e1 doba \u010dten\u00ed":"1 minuta"},"schema":{"@context":"https:\/\/schema.org","@graph":[{"@type":"WebPage","@id":"https:\/\/frymer.eu\/index.php\/kontakty\/","url":"https:\/\/frymer.eu\/index.php\/kontakty\/","name":"Kontakty - Frymer.eu","isPartOf":{"@id":"https:\/\/frymer.eu\/#website"},"datePublished":"2019-09-18T04:57:54+00:00","dateModified":"2022-03-31T08:43:13+00:00","breadcrumb":{"@id":"https:\/\/frymer.eu\/index.php\/kontakty\/#breadcrumb"},"inLanguage":"cs","potentialAction":[{"@type":"ReadAction","target":["https:\/\/frymer.eu\/index.php\/kontakty\/"]}]},{"@type":"BreadcrumbList","@id":"https:\/\/frymer.eu\/index.php\/kontakty\/#breadcrumb","itemListElement":[{"@type":"ListItem","position":1,"name":"Dom\u016f","item":"https:\/\/frymer.eu\/"},{"@type":"ListItem","position":2,"name":"Kontakty"}]},{"@type":"WebSite","@id":"https:\/\/frymer.eu\/#website","url":"https:\/\/frymer.eu\/","name":"Frymer.eu","description":"V\u00fdroba a speci\u00e1ln\u00ed \u00fapravy elektrocentr\u00e1l","potentialAction":[{"@type":"SearchAction","target":{"@type":"EntryPoint","urlTemplate":"https:\/\/frymer.eu\/?s={search_term_string}"},"query-input":{"@type":"PropertyValueSpecification","valueRequired":true,"valueName":"search_term_string"}}],"inLanguage":"cs"}]}},"_links":{"self":[{"href":"https:\/\/frymer.eu\/index.php\/wp-json\/wp\/v2\/pages\/159","targetHints":{"allow":["GET"]}}],"collection":[{"href":"https:\/\/frymer.eu\/index.php\/wp-json\/wp\/v2\/pages"}],"about":[{"href":"https:\/\/frymer.eu\/index.php\/wp-json\/wp\/v2\/types\/page"}],"author":[{"embeddable":true,"href":"https:\/\/frymer.eu\/index.php\/wp-json\/wp\/v2\/users\/1"}],"replies":[{"embeddable":true,"href":"https:\/\/frymer.eu\/index.php\/wp-json\/wp\/v2\/comments?post=159"}],"version-history":[{"count":16,"href":"https:\/\/frymer.eu\/index.php\/wp-json\/wp\/v2\/pages\/159\/revisions"}],"predecessor-version":[{"id":1695,"href":"https:\/\/frymer.eu\/index.php\/wp-json\/wp\/v2\/pages\/159\/revisions\/1695"}],"wp:attachment":[{"href":"https:\/\/frymer.eu\/index.php\/wp-json\/wp\/v2\/media?parent=159"}],"curies":[{"name":"wp","href":"https:\/\/api.w.org\/{rel}","templated":true}]}}