{"id":1734,"date":"2026-02-20T19:38:01","date_gmt":"2026-02-20T18:38:01","guid":{"rendered":"https:\/\/frymer.eu\/?page_id=1734"},"modified":"2026-02-23T19:36:20","modified_gmt":"2026-02-23T18:36:20","slug":"modernizace-a-repase-energetickych-zarizeni","status":"publish","type":"page","link":"https:\/\/frymer.eu\/index.php\/modernizace-a-repase-energetickych-zarizeni\/","title":{"rendered":"Modernizace a repase"},"content":{"rendered":"<p>[vc_row equal_height=&#8220;yes&#8220;][vc_column width=&#8220;1\/2&#8243;][vc_column_text]Mnoho energetick\u00fdch za\u0159\u00edzen\u00ed je po letech provozu st\u00e1le mechanicky v dobr\u00e9m stavu.<br \/>\nD\u016fvodem jejich v\u00fdm\u011bny \u010dasto nen\u00ed opot\u0159eben\u00ed, ale zastaral\u00e1 elektroinstalace,<br \/>\nregulace nebo absence diagnostiky.<\/p>\n<p>Navrhujeme modernizace, kter\u00e9 umo\u017en\u00ed zachovat funk\u010dn\u00ed technologii,<br \/>\nzv\u00fd\u0161it jej\u00ed spolehlivost a prodlou\u017eit \u017eivotnost o dal\u0161\u00edch 10 a\u017e 20 let.[\/vc_column_text][vc_column_text]V\u00fdhody modernizace:<\/p>\n<p>\u2022 ni\u017e\u0161\u00ed investi\u010dn\u00ed n\u00e1klady ne\u017e p\u0159i n\u00e1kupu nov\u00e9ho za\u0159\u00edzen\u00ed<br \/>\n\u2022 rychlej\u0161\u00ed uveden\u00ed do provozu<br \/>\n\u2022 p\u0159izp\u016fsoben\u00ed sou\u010dasn\u00fdm po\u017eadavk\u016fm technologie<br \/>\n\u2022 zv\u00fd\u0161en\u00ed provozn\u00ed spolehlivosti<br \/>\n\u2022 mo\u017enost dal\u0161\u00edho servisu a rozvoje za\u0159\u00edzen\u00ed[\/vc_column_text][\/vc_column][vc_column width=&#8220;1\/2&#8243;][vc_single_image image=&#8220;1764&#8243; img_size=&#8220;large&#8220; alignment=&#8220;right&#8220; css=&#8220;.vc_custom_1771865530105{padding-top: 100px !important;}&#8220;][\/vc_column][\/vc_row]<\/p>\n","protected":false},"excerpt":{"rendered":"<p>[vc_row equal_height=&#8220;yes&#8220;][vc_column width=&#8220;1\/2&#8243;][vc_column_text]Mnoho energetick\u00fdch za\u0159\u00edzen\u00ed je po letech provozu st\u00e1le mechanicky v dobr\u00e9m stavu. D\u016fvodem jejich v\u00fdm\u011bny \u010dasto nen\u00ed opot\u0159eben\u00ed, ale zastaral\u00e1 elektroinstalace, regulace nebo absence diagnostiky. Navrhujeme modernizace, kter\u00e9 umo\u017en\u00ed zachovat funk\u010dn\u00ed technologii, zv\u00fd\u0161it jej\u00ed spolehlivost a prodlou\u017eit \u017eivotnost o dal\u0161\u00edch 10 a\u017e 20 let.[\/vc_column_text][vc_column_text]V\u00fdhody modernizace: \u2022 ni\u017e\u0161\u00ed investi\u010dn\u00ed n\u00e1klady ne\u017e p\u0159i n\u00e1kupu nov\u00e9ho&hellip;<\/p>\n","protected":false},"author":1,"featured_media":0,"parent":0,"menu_order":0,"comment_status":"closed","ping_status":"closed","template":"","meta":{"footnotes":""},"class_list":["post-1734","page","type-page","status-publish","hentry","description-off"],"yoast_head":"<!-- This site is optimized with the Yoast SEO plugin v27.0 - https:\/\/yoast.com\/product\/yoast-seo-wordpress\/ -->\n<title>Modernizace a repase - Frymer.eu<\/title>\n<meta name=\"robots\" content=\"index, follow, max-snippet:-1, max-image-preview:large, max-video-preview:-1\" \/>\n<link rel=\"canonical\" href=\"https:\/\/frymer.eu\/index.php\/modernizace-a-repase-energetickych-zarizeni\/\" \/>\n<meta property=\"og:locale\" content=\"cs_CZ\" \/>\n<meta property=\"og:type\" content=\"article\" \/>\n<meta property=\"og:title\" content=\"Modernizace a repase - Frymer.eu\" \/>\n<meta property=\"og:description\" content=\"[vc_row equal_height=&#8220;yes&#8220;][vc_column width=&#8220;1\/2&#8243;][vc_column_text]Mnoho energetick\u00fdch za\u0159\u00edzen\u00ed je po letech provozu st\u00e1le mechanicky v dobr\u00e9m stavu. D\u016fvodem jejich v\u00fdm\u011bny \u010dasto nen\u00ed opot\u0159eben\u00ed, ale zastaral\u00e1 elektroinstalace, regulace nebo absence diagnostiky. Navrhujeme modernizace, kter\u00e9 umo\u017en\u00ed zachovat funk\u010dn\u00ed technologii, zv\u00fd\u0161it jej\u00ed spolehlivost a prodlou\u017eit \u017eivotnost o dal\u0161\u00edch 10 a\u017e 20 let.[\/vc_column_text][vc_column_text]V\u00fdhody modernizace: \u2022 ni\u017e\u0161\u00ed investi\u010dn\u00ed n\u00e1klady ne\u017e p\u0159i n\u00e1kupu nov\u00e9ho&hellip;\" \/>\n<meta property=\"og:url\" content=\"https:\/\/frymer.eu\/index.php\/modernizace-a-repase-energetickych-zarizeni\/\" \/>\n<meta property=\"og:site_name\" content=\"Frymer.eu\" \/>\n<meta property=\"article:modified_time\" content=\"2026-02-23T18:36:20+00:00\" \/>\n<meta name=\"twitter:card\" content=\"summary_large_image\" \/>\n<meta name=\"twitter:label1\" content=\"Odhadovan\u00e1 doba \u010dten\u00ed\" \/>\n\t<meta name=\"twitter:data1\" content=\"1 minuta\" \/>\n<script type=\"application\/ld+json\" class=\"yoast-schema-graph\">{\"@context\":\"https:\/\/schema.org\",\"@graph\":[{\"@type\":\"WebPage\",\"@id\":\"https:\/\/frymer.eu\/index.php\/modernizace-a-repase-energetickych-zarizeni\/\",\"url\":\"https:\/\/frymer.eu\/index.php\/modernizace-a-repase-energetickych-zarizeni\/\",\"name\":\"Modernizace a repase - Frymer.eu\",\"isPartOf\":{\"@id\":\"https:\/\/frymer.eu\/#website\"},\"datePublished\":\"2026-02-20T18:38:01+00:00\",\"dateModified\":\"2026-02-23T18:36:20+00:00\",\"breadcrumb\":{\"@id\":\"https:\/\/frymer.eu\/index.php\/modernizace-a-repase-energetickych-zarizeni\/#breadcrumb\"},\"inLanguage\":\"cs\",\"potentialAction\":[{\"@type\":\"ReadAction\",\"target\":[\"https:\/\/frymer.eu\/index.php\/modernizace-a-repase-energetickych-zarizeni\/\"]}]},{\"@type\":\"BreadcrumbList\",\"@id\":\"https:\/\/frymer.eu\/index.php\/modernizace-a-repase-energetickych-zarizeni\/#breadcrumb\",\"itemListElement\":[{\"@type\":\"ListItem\",\"position\":1,\"name\":\"Dom\u016f\",\"item\":\"https:\/\/frymer.eu\/\"},{\"@type\":\"ListItem\",\"position\":2,\"name\":\"Modernizace a repase\"}]},{\"@type\":\"WebSite\",\"@id\":\"https:\/\/frymer.eu\/#website\",\"url\":\"https:\/\/frymer.eu\/\",\"name\":\"Frymer.eu\",\"description\":\"V\u00fdroba a speci\u00e1ln\u00ed \u00fapravy elektrocentr\u00e1l\",\"potentialAction\":[{\"@type\":\"SearchAction\",\"target\":{\"@type\":\"EntryPoint\",\"urlTemplate\":\"https:\/\/frymer.eu\/?s={search_term_string}\"},\"query-input\":{\"@type\":\"PropertyValueSpecification\",\"valueRequired\":true,\"valueName\":\"search_term_string\"}}],\"inLanguage\":\"cs\"}]}<\/script>\n<!-- \/ Yoast SEO plugin. -->","yoast_head_json":{"title":"Modernizace a repase - Frymer.eu","robots":{"index":"index","follow":"follow","max-snippet":"max-snippet:-1","max-image-preview":"max-image-preview:large","max-video-preview":"max-video-preview:-1"},"canonical":"https:\/\/frymer.eu\/index.php\/modernizace-a-repase-energetickych-zarizeni\/","og_locale":"cs_CZ","og_type":"article","og_title":"Modernizace a repase - Frymer.eu","og_description":"[vc_row equal_height=&#8220;yes&#8220;][vc_column width=&#8220;1\/2&#8243;][vc_column_text]Mnoho energetick\u00fdch za\u0159\u00edzen\u00ed je po letech provozu st\u00e1le mechanicky v dobr\u00e9m stavu. D\u016fvodem jejich v\u00fdm\u011bny \u010dasto nen\u00ed opot\u0159eben\u00ed, ale zastaral\u00e1 elektroinstalace, regulace nebo absence diagnostiky. Navrhujeme modernizace, kter\u00e9 umo\u017en\u00ed zachovat funk\u010dn\u00ed technologii, zv\u00fd\u0161it jej\u00ed spolehlivost a prodlou\u017eit \u017eivotnost o dal\u0161\u00edch 10 a\u017e 20 let.[\/vc_column_text][vc_column_text]V\u00fdhody modernizace: \u2022 ni\u017e\u0161\u00ed investi\u010dn\u00ed n\u00e1klady ne\u017e p\u0159i n\u00e1kupu nov\u00e9ho&hellip;","og_url":"https:\/\/frymer.eu\/index.php\/modernizace-a-repase-energetickych-zarizeni\/","og_site_name":"Frymer.eu","article_modified_time":"2026-02-23T18:36:20+00:00","twitter_card":"summary_large_image","twitter_misc":{"Odhadovan\u00e1 doba \u010dten\u00ed":"1 minuta"},"schema":{"@context":"https:\/\/schema.org","@graph":[{"@type":"WebPage","@id":"https:\/\/frymer.eu\/index.php\/modernizace-a-repase-energetickych-zarizeni\/","url":"https:\/\/frymer.eu\/index.php\/modernizace-a-repase-energetickych-zarizeni\/","name":"Modernizace a repase - Frymer.eu","isPartOf":{"@id":"https:\/\/frymer.eu\/#website"},"datePublished":"2026-02-20T18:38:01+00:00","dateModified":"2026-02-23T18:36:20+00:00","breadcrumb":{"@id":"https:\/\/frymer.eu\/index.php\/modernizace-a-repase-energetickych-zarizeni\/#breadcrumb"},"inLanguage":"cs","potentialAction":[{"@type":"ReadAction","target":["https:\/\/frymer.eu\/index.php\/modernizace-a-repase-energetickych-zarizeni\/"]}]},{"@type":"BreadcrumbList","@id":"https:\/\/frymer.eu\/index.php\/modernizace-a-repase-energetickych-zarizeni\/#breadcrumb","itemListElement":[{"@type":"ListItem","position":1,"name":"Dom\u016f","item":"https:\/\/frymer.eu\/"},{"@type":"ListItem","position":2,"name":"Modernizace a repase"}]},{"@type":"WebSite","@id":"https:\/\/frymer.eu\/#website","url":"https:\/\/frymer.eu\/","name":"Frymer.eu","description":"V\u00fdroba a speci\u00e1ln\u00ed \u00fapravy elektrocentr\u00e1l","potentialAction":[{"@type":"SearchAction","target":{"@type":"EntryPoint","urlTemplate":"https:\/\/frymer.eu\/?s={search_term_string}"},"query-input":{"@type":"PropertyValueSpecification","valueRequired":true,"valueName":"search_term_string"}}],"inLanguage":"cs"}]}},"_links":{"self":[{"href":"https:\/\/frymer.eu\/index.php\/wp-json\/wp\/v2\/pages\/1734","targetHints":{"allow":["GET"]}}],"collection":[{"href":"https:\/\/frymer.eu\/index.php\/wp-json\/wp\/v2\/pages"}],"about":[{"href":"https:\/\/frymer.eu\/index.php\/wp-json\/wp\/v2\/types\/page"}],"author":[{"embeddable":true,"href":"https:\/\/frymer.eu\/index.php\/wp-json\/wp\/v2\/users\/1"}],"replies":[{"embeddable":true,"href":"https:\/\/frymer.eu\/index.php\/wp-json\/wp\/v2\/comments?post=1734"}],"version-history":[{"count":25,"href":"https:\/\/frymer.eu\/index.php\/wp-json\/wp\/v2\/pages\/1734\/revisions"}],"predecessor-version":[{"id":1789,"href":"https:\/\/frymer.eu\/index.php\/wp-json\/wp\/v2\/pages\/1734\/revisions\/1789"}],"wp:attachment":[{"href":"https:\/\/frymer.eu\/index.php\/wp-json\/wp\/v2\/media?parent=1734"}],"curies":[{"name":"wp","href":"https:\/\/api.w.org\/{rel}","templated":true}]}}