{"id":1747,"date":"2026-02-20T20:36:35","date_gmt":"2026-02-20T19:36:35","guid":{"rendered":"https:\/\/frymer.eu\/?page_id=1747"},"modified":"2026-02-23T19:06:36","modified_gmt":"2026-02-23T18:06:36","slug":"odpovedny-pri","status":"publish","type":"page","link":"https:\/\/frymer.eu\/index.php\/odpovedny-pri\/","title":{"rendered":"Odpov\u011bdn\u00fd p\u0159\u00edstup"},"content":{"rendered":"<p>[vc_row][vc_column][vc_column_text]<strong>Energetick\u00e1 \u0159e\u0161en\u00ed s dlouhodobou hodnotou<\/strong>[\/vc_column_text][vc_column_text]Navrhujeme energetick\u00e1 \u0159e\u0161en\u00ed s d\u016frazem na dlouhodobou provozn\u00ed udr\u017eitelnost, opravitelnost za\u0159\u00edzen\u00ed a efektivn\u00ed vyu\u017eit\u00ed instalovan\u00fdch technologi\u00ed.<\/p>\n<p>Pom\u00e1h\u00e1me z\u00e1kazn\u00edk\u016fm provozovat energetick\u00e9 technologie dlouhodob\u011b,<br \/>\nbezpe\u010dn\u011b a s maxim\u00e1ln\u00edm vyu\u017eit\u00edm jejich \u017eivotnosti.[\/vc_column_text][\/vc_column][\/vc_row][vc_row][vc_column width=&#8220;1\/2&#8243;][vc_column_text]<strong>Prodlu\u017eujeme \u017eivotnost za\u0159\u00edzen\u00ed<\/strong><\/p>\n<p>Modernizujeme a repasujeme technologie nam\u00edsto jejich p\u0159ed\u010dasn\u00e9 v\u00fdm\u011bny.<br \/>\nT\u00edm sni\u017eujeme n\u00e1klady i materi\u00e1lovou n\u00e1ro\u010dnost nov\u00fdch instalac\u00ed.[\/vc_column_text][vc_column_text]<strong>Zvy\u0161ujeme provozn\u00ed \u00fa\u010dinnost<\/strong><\/p>\n<p>Implementujeme modern\u00ed \u0159\u00eddic\u00ed syst\u00e9my, optimalizujeme provoz zdroj\u016f<br \/>\na minimalizujeme energetick\u00e9 ztr\u00e1ty.[\/vc_column_text][vc_column_text]<strong>Zaji\u0161\u0165ujeme stabiln\u00ed provoz<\/strong><\/p>\n<p>Navrhujeme \u0159e\u0161en\u00ed pro provozy, kde je nutn\u00e1 jistota nap\u00e1jen\u00ed<br \/>\na dlouhodob\u00e1 spolehlivost technologie.[\/vc_column_text][vc_column_text]<strong>Servis jako sou\u010d\u00e1st \u017eivotn\u00edho cyklu<\/strong><\/p>\n<p>Za\u0159\u00edzen\u00ed navrhujeme tak, aby bylo opraviteln\u00e9,<br \/>\nmodernizovateln\u00e9 a dlouhodob\u011b udr\u017eiteln\u00e9.[\/vc_column_text][\/vc_column][vc_column width=&#8220;1\/2&#8243;][vc_single_image image=&#8220;1777&#8243; img_size=&#8220;full&#8220; alignment=&#8220;right&#8220;][\/vc_column][\/vc_row]<\/p>\n","protected":false},"excerpt":{"rendered":"<p>[vc_row][vc_column][vc_column_text]Energetick\u00e1 \u0159e\u0161en\u00ed s dlouhodobou hodnotou[\/vc_column_text][vc_column_text]Navrhujeme energetick\u00e1 \u0159e\u0161en\u00ed s d\u016frazem na dlouhodobou provozn\u00ed udr\u017eitelnost, opravitelnost za\u0159\u00edzen\u00ed a efektivn\u00ed vyu\u017eit\u00ed instalovan\u00fdch technologi\u00ed. Pom\u00e1h\u00e1me z\u00e1kazn\u00edk\u016fm provozovat energetick\u00e9 technologie dlouhodob\u011b, bezpe\u010dn\u011b a s maxim\u00e1ln\u00edm vyu\u017eit\u00edm jejich \u017eivotnosti.[\/vc_column_text][\/vc_column][\/vc_row][vc_row][vc_column width=&#8220;1\/2&#8243;][vc_column_text]Prodlu\u017eujeme \u017eivotnost za\u0159\u00edzen\u00ed Modernizujeme a repasujeme technologie nam\u00edsto jejich p\u0159ed\u010dasn\u00e9 v\u00fdm\u011bny. T\u00edm sni\u017eujeme n\u00e1klady i materi\u00e1lovou n\u00e1ro\u010dnost nov\u00fdch instalac\u00ed.[\/vc_column_text][vc_column_text]Zvy\u0161ujeme provozn\u00ed \u00fa\u010dinnost Implementujeme&hellip;<\/p>\n","protected":false},"author":1,"featured_media":0,"parent":0,"menu_order":0,"comment_status":"closed","ping_status":"closed","template":"","meta":{"footnotes":""},"class_list":["post-1747","page","type-page","status-publish","hentry","description-off"],"yoast_head":"<!-- This site is optimized with the Yoast SEO plugin v27.0 - https:\/\/yoast.com\/product\/yoast-seo-wordpress\/ -->\n<title>Odpov\u011bdn\u00fd p\u0159\u00edstup - Frymer.eu<\/title>\n<meta name=\"robots\" content=\"index, follow, max-snippet:-1, max-image-preview:large, max-video-preview:-1\" \/>\n<link rel=\"canonical\" href=\"https:\/\/frymer.eu\/index.php\/odpovedny-pri\/\" \/>\n<meta property=\"og:locale\" content=\"cs_CZ\" \/>\n<meta property=\"og:type\" content=\"article\" \/>\n<meta property=\"og:title\" content=\"Odpov\u011bdn\u00fd p\u0159\u00edstup - Frymer.eu\" \/>\n<meta property=\"og:description\" content=\"[vc_row][vc_column][vc_column_text]Energetick\u00e1 \u0159e\u0161en\u00ed s dlouhodobou hodnotou[\/vc_column_text][vc_column_text]Navrhujeme energetick\u00e1 \u0159e\u0161en\u00ed s d\u016frazem na dlouhodobou provozn\u00ed udr\u017eitelnost, opravitelnost za\u0159\u00edzen\u00ed a efektivn\u00ed vyu\u017eit\u00ed instalovan\u00fdch technologi\u00ed. Pom\u00e1h\u00e1me z\u00e1kazn\u00edk\u016fm provozovat energetick\u00e9 technologie dlouhodob\u011b, bezpe\u010dn\u011b a s maxim\u00e1ln\u00edm vyu\u017eit\u00edm jejich \u017eivotnosti.[\/vc_column_text][\/vc_column][\/vc_row][vc_row][vc_column width=&#8220;1\/2&#8243;][vc_column_text]Prodlu\u017eujeme \u017eivotnost za\u0159\u00edzen\u00ed Modernizujeme a repasujeme technologie nam\u00edsto jejich p\u0159ed\u010dasn\u00e9 v\u00fdm\u011bny. T\u00edm sni\u017eujeme n\u00e1klady i materi\u00e1lovou n\u00e1ro\u010dnost nov\u00fdch instalac\u00ed.[\/vc_column_text][vc_column_text]Zvy\u0161ujeme provozn\u00ed \u00fa\u010dinnost Implementujeme&hellip;\" \/>\n<meta property=\"og:url\" content=\"https:\/\/frymer.eu\/index.php\/odpovedny-pri\/\" \/>\n<meta property=\"og:site_name\" content=\"Frymer.eu\" \/>\n<meta property=\"article:modified_time\" content=\"2026-02-23T18:06:36+00:00\" \/>\n<meta name=\"twitter:card\" content=\"summary_large_image\" \/>\n<meta name=\"twitter:label1\" content=\"Odhadovan\u00e1 doba \u010dten\u00ed\" \/>\n\t<meta name=\"twitter:data1\" content=\"1 minuta\" \/>\n<script type=\"application\/ld+json\" class=\"yoast-schema-graph\">{\"@context\":\"https:\/\/schema.org\",\"@graph\":[{\"@type\":\"WebPage\",\"@id\":\"https:\/\/frymer.eu\/index.php\/odpovedny-pri\/\",\"url\":\"https:\/\/frymer.eu\/index.php\/odpovedny-pri\/\",\"name\":\"Odpov\u011bdn\u00fd p\u0159\u00edstup - Frymer.eu\",\"isPartOf\":{\"@id\":\"https:\/\/frymer.eu\/#website\"},\"datePublished\":\"2026-02-20T19:36:35+00:00\",\"dateModified\":\"2026-02-23T18:06:36+00:00\",\"breadcrumb\":{\"@id\":\"https:\/\/frymer.eu\/index.php\/odpovedny-pri\/#breadcrumb\"},\"inLanguage\":\"cs\",\"potentialAction\":[{\"@type\":\"ReadAction\",\"target\":[\"https:\/\/frymer.eu\/index.php\/odpovedny-pri\/\"]}]},{\"@type\":\"BreadcrumbList\",\"@id\":\"https:\/\/frymer.eu\/index.php\/odpovedny-pri\/#breadcrumb\",\"itemListElement\":[{\"@type\":\"ListItem\",\"position\":1,\"name\":\"Dom\u016f\",\"item\":\"https:\/\/frymer.eu\/\"},{\"@type\":\"ListItem\",\"position\":2,\"name\":\"Odpov\u011bdn\u00fd p\u0159\u00edstup\"}]},{\"@type\":\"WebSite\",\"@id\":\"https:\/\/frymer.eu\/#website\",\"url\":\"https:\/\/frymer.eu\/\",\"name\":\"Frymer.eu\",\"description\":\"V\u00fdroba a speci\u00e1ln\u00ed \u00fapravy elektrocentr\u00e1l\",\"potentialAction\":[{\"@type\":\"SearchAction\",\"target\":{\"@type\":\"EntryPoint\",\"urlTemplate\":\"https:\/\/frymer.eu\/?s={search_term_string}\"},\"query-input\":{\"@type\":\"PropertyValueSpecification\",\"valueRequired\":true,\"valueName\":\"search_term_string\"}}],\"inLanguage\":\"cs\"}]}<\/script>\n<!-- \/ Yoast SEO plugin. -->","yoast_head_json":{"title":"Odpov\u011bdn\u00fd p\u0159\u00edstup - Frymer.eu","robots":{"index":"index","follow":"follow","max-snippet":"max-snippet:-1","max-image-preview":"max-image-preview:large","max-video-preview":"max-video-preview:-1"},"canonical":"https:\/\/frymer.eu\/index.php\/odpovedny-pri\/","og_locale":"cs_CZ","og_type":"article","og_title":"Odpov\u011bdn\u00fd p\u0159\u00edstup - Frymer.eu","og_description":"[vc_row][vc_column][vc_column_text]Energetick\u00e1 \u0159e\u0161en\u00ed s dlouhodobou hodnotou[\/vc_column_text][vc_column_text]Navrhujeme energetick\u00e1 \u0159e\u0161en\u00ed s d\u016frazem na dlouhodobou provozn\u00ed udr\u017eitelnost, opravitelnost za\u0159\u00edzen\u00ed a efektivn\u00ed vyu\u017eit\u00ed instalovan\u00fdch technologi\u00ed. Pom\u00e1h\u00e1me z\u00e1kazn\u00edk\u016fm provozovat energetick\u00e9 technologie dlouhodob\u011b, bezpe\u010dn\u011b a s maxim\u00e1ln\u00edm vyu\u017eit\u00edm jejich \u017eivotnosti.[\/vc_column_text][\/vc_column][\/vc_row][vc_row][vc_column width=&#8220;1\/2&#8243;][vc_column_text]Prodlu\u017eujeme \u017eivotnost za\u0159\u00edzen\u00ed Modernizujeme a repasujeme technologie nam\u00edsto jejich p\u0159ed\u010dasn\u00e9 v\u00fdm\u011bny. T\u00edm sni\u017eujeme n\u00e1klady i materi\u00e1lovou n\u00e1ro\u010dnost nov\u00fdch instalac\u00ed.[\/vc_column_text][vc_column_text]Zvy\u0161ujeme provozn\u00ed \u00fa\u010dinnost Implementujeme&hellip;","og_url":"https:\/\/frymer.eu\/index.php\/odpovedny-pri\/","og_site_name":"Frymer.eu","article_modified_time":"2026-02-23T18:06:36+00:00","twitter_card":"summary_large_image","twitter_misc":{"Odhadovan\u00e1 doba \u010dten\u00ed":"1 minuta"},"schema":{"@context":"https:\/\/schema.org","@graph":[{"@type":"WebPage","@id":"https:\/\/frymer.eu\/index.php\/odpovedny-pri\/","url":"https:\/\/frymer.eu\/index.php\/odpovedny-pri\/","name":"Odpov\u011bdn\u00fd p\u0159\u00edstup - Frymer.eu","isPartOf":{"@id":"https:\/\/frymer.eu\/#website"},"datePublished":"2026-02-20T19:36:35+00:00","dateModified":"2026-02-23T18:06:36+00:00","breadcrumb":{"@id":"https:\/\/frymer.eu\/index.php\/odpovedny-pri\/#breadcrumb"},"inLanguage":"cs","potentialAction":[{"@type":"ReadAction","target":["https:\/\/frymer.eu\/index.php\/odpovedny-pri\/"]}]},{"@type":"BreadcrumbList","@id":"https:\/\/frymer.eu\/index.php\/odpovedny-pri\/#breadcrumb","itemListElement":[{"@type":"ListItem","position":1,"name":"Dom\u016f","item":"https:\/\/frymer.eu\/"},{"@type":"ListItem","position":2,"name":"Odpov\u011bdn\u00fd p\u0159\u00edstup"}]},{"@type":"WebSite","@id":"https:\/\/frymer.eu\/#website","url":"https:\/\/frymer.eu\/","name":"Frymer.eu","description":"V\u00fdroba a speci\u00e1ln\u00ed \u00fapravy elektrocentr\u00e1l","potentialAction":[{"@type":"SearchAction","target":{"@type":"EntryPoint","urlTemplate":"https:\/\/frymer.eu\/?s={search_term_string}"},"query-input":{"@type":"PropertyValueSpecification","valueRequired":true,"valueName":"search_term_string"}}],"inLanguage":"cs"}]}},"_links":{"self":[{"href":"https:\/\/frymer.eu\/index.php\/wp-json\/wp\/v2\/pages\/1747","targetHints":{"allow":["GET"]}}],"collection":[{"href":"https:\/\/frymer.eu\/index.php\/wp-json\/wp\/v2\/pages"}],"about":[{"href":"https:\/\/frymer.eu\/index.php\/wp-json\/wp\/v2\/types\/page"}],"author":[{"embeddable":true,"href":"https:\/\/frymer.eu\/index.php\/wp-json\/wp\/v2\/users\/1"}],"replies":[{"embeddable":true,"href":"https:\/\/frymer.eu\/index.php\/wp-json\/wp\/v2\/comments?post=1747"}],"version-history":[{"count":25,"href":"https:\/\/frymer.eu\/index.php\/wp-json\/wp\/v2\/pages\/1747\/revisions"}],"predecessor-version":[{"id":1811,"href":"https:\/\/frymer.eu\/index.php\/wp-json\/wp\/v2\/pages\/1747\/revisions\/1811"}],"wp:attachment":[{"href":"https:\/\/frymer.eu\/index.php\/wp-json\/wp\/v2\/media?parent=1747"}],"curies":[{"name":"wp","href":"https:\/\/api.w.org\/{rel}","templated":true}]}}