{"id":1814,"date":"2026-02-23T20:05:02","date_gmt":"2026-02-23T19:05:02","guid":{"rendered":"https:\/\/frymer.eu\/?page_id=1814"},"modified":"2026-02-23T20:38:47","modified_gmt":"2026-02-23T19:38:47","slug":"vzdaleny-dohled-provozu-technologii","status":"publish","type":"page","link":"https:\/\/frymer.eu\/index.php\/vzdaleny-dohled-provozu-technologii\/","title":{"rendered":"Vzd\u00e1len\u00fd dohled provozu technologi\u00ed"},"content":{"rendered":"<p>[vc_row][vc_column][vc_column_text]<\/p>\n<blockquote><p>Zaji\u0161\u0165ujeme online monitoring provozu zdroj\u016f elektrick\u00e9 energie a souvisej\u00edc\u00edch technologi\u00ed.<\/p><\/blockquote>\n<blockquote><p>Data jsou nep\u0159etr\u017eit\u011b vyhodnocov\u00e1na a umo\u017e\u0148uj\u00ed v\u010dasn\u00fd servisn\u00ed z\u00e1sah bez nutnosti \u010dekat na poruchu.<\/p><\/blockquote>\n<blockquote><p>Provozovatel m\u00e1 kdykoliv k dispozici p\u0159ehled o stavu za\u0159\u00edzen\u00ed, historii provozu i alarmov\u00fdch hl\u00e1\u0161en\u00edch.<\/p><\/blockquote>\n<p>[\/vc_column_text][\/vc_column][\/vc_row][vc_row][vc_column][vc_column_text]<\/p>\n<p class=\"p1\">V\u00fdhody:<\/p>\n<ul>\n<li>\n<p class=\"p1\">nep\u0159etr\u017eit\u00fd p\u0159ehled o za\u0159\u00edzen\u00ed<\/p>\n<\/li>\n<li>\n<p class=\"p1\">okam\u017eit\u00e1 informace o poru\u0161e nebo odchylce<\/p>\n<\/li>\n<li>\n<p class=\"p1\">mo\u017enost z\u00e1sahu bez v\u00fdjezdu technika<\/p>\n<\/li>\n<li>\n<p class=\"p1\">pl\u00e1nov\u00e1n\u00ed \u00fadr\u017eby podle re\u00e1ln\u00e9ho provozu<\/p>\n<\/li>\n<li>\n<p class=\"p1\">vy\u0161\u0161\u00ed provozn\u00ed jistota a ni\u017e\u0161\u00ed riziko odst\u00e1vky<\/p>\n<\/li>\n<\/ul>\n<p>[\/vc_column_text][\/vc_column][\/vc_row][vc_row][vc_column][vc_btn title=&#8220;P\u0159ej\u00edt do monitorovac\u00edho port\u00e1lu&#8220; style=&#8220;classic&#8220; color=&#8220;orange&#8220; size=&#8220;lg&#8220; align=&#8220;center&#8220; link=&#8220;url:https%3A%2F%2Ffrymer.websupervisor.net%2F|title:Websupervisor&#8220;][\/vc_column][\/vc_row]<\/p>\n","protected":false},"excerpt":{"rendered":"<p>[vc_row][vc_column][vc_column_text] Zaji\u0161\u0165ujeme online monitoring provozu zdroj\u016f elektrick\u00e9 energie a souvisej\u00edc\u00edch technologi\u00ed. Data jsou nep\u0159etr\u017eit\u011b vyhodnocov\u00e1na a umo\u017e\u0148uj\u00ed v\u010dasn\u00fd servisn\u00ed z\u00e1sah bez nutnosti \u010dekat na poruchu. Provozovatel m\u00e1 kdykoliv k dispozici p\u0159ehled o stavu za\u0159\u00edzen\u00ed, historii provozu i alarmov\u00fdch hl\u00e1\u0161en\u00edch. [\/vc_column_text][\/vc_column][\/vc_row][vc_row][vc_column][vc_column_text] V\u00fdhody: nep\u0159etr\u017eit\u00fd p\u0159ehled o za\u0159\u00edzen\u00ed okam\u017eit\u00e1 informace o poru\u0161e nebo odchylce mo\u017enost z\u00e1sahu bez v\u00fdjezdu&hellip;<\/p>\n","protected":false},"author":1,"featured_media":0,"parent":0,"menu_order":0,"comment_status":"closed","ping_status":"closed","template":"","meta":{"footnotes":""},"class_list":["post-1814","page","type-page","status-publish","hentry","description-off"],"yoast_head":"<!-- This site is optimized with the Yoast SEO plugin v27.0 - https:\/\/yoast.com\/product\/yoast-seo-wordpress\/ -->\n<title>Vzd\u00e1len\u00fd dohled provozu technologi\u00ed - Frymer.eu<\/title>\n<meta name=\"robots\" content=\"index, follow, max-snippet:-1, max-image-preview:large, max-video-preview:-1\" \/>\n<link rel=\"canonical\" href=\"https:\/\/frymer.eu\/index.php\/vzdaleny-dohled-provozu-technologii\/\" \/>\n<meta property=\"og:locale\" content=\"cs_CZ\" \/>\n<meta property=\"og:type\" content=\"article\" \/>\n<meta property=\"og:title\" content=\"Vzd\u00e1len\u00fd dohled provozu technologi\u00ed - Frymer.eu\" \/>\n<meta property=\"og:description\" content=\"[vc_row][vc_column][vc_column_text] Zaji\u0161\u0165ujeme online monitoring provozu zdroj\u016f elektrick\u00e9 energie a souvisej\u00edc\u00edch technologi\u00ed. Data jsou nep\u0159etr\u017eit\u011b vyhodnocov\u00e1na a umo\u017e\u0148uj\u00ed v\u010dasn\u00fd servisn\u00ed z\u00e1sah bez nutnosti \u010dekat na poruchu. Provozovatel m\u00e1 kdykoliv k dispozici p\u0159ehled o stavu za\u0159\u00edzen\u00ed, historii provozu i alarmov\u00fdch hl\u00e1\u0161en\u00edch. [\/vc_column_text][\/vc_column][\/vc_row][vc_row][vc_column][vc_column_text] V\u00fdhody: nep\u0159etr\u017eit\u00fd p\u0159ehled o za\u0159\u00edzen\u00ed okam\u017eit\u00e1 informace o poru\u0161e nebo odchylce mo\u017enost z\u00e1sahu bez v\u00fdjezdu&hellip;\" \/>\n<meta property=\"og:url\" content=\"https:\/\/frymer.eu\/index.php\/vzdaleny-dohled-provozu-technologii\/\" \/>\n<meta property=\"og:site_name\" content=\"Frymer.eu\" \/>\n<meta property=\"article:modified_time\" content=\"2026-02-23T19:38:47+00:00\" \/>\n<meta name=\"twitter:card\" content=\"summary_large_image\" \/>\n<meta name=\"twitter:label1\" content=\"Odhadovan\u00e1 doba \u010dten\u00ed\" \/>\n\t<meta name=\"twitter:data1\" content=\"1 minuta\" \/>\n<script type=\"application\/ld+json\" class=\"yoast-schema-graph\">{\"@context\":\"https:\/\/schema.org\",\"@graph\":[{\"@type\":\"WebPage\",\"@id\":\"https:\/\/frymer.eu\/index.php\/vzdaleny-dohled-provozu-technologii\/\",\"url\":\"https:\/\/frymer.eu\/index.php\/vzdaleny-dohled-provozu-technologii\/\",\"name\":\"Vzd\u00e1len\u00fd dohled provozu technologi\u00ed - Frymer.eu\",\"isPartOf\":{\"@id\":\"https:\/\/frymer.eu\/#website\"},\"datePublished\":\"2026-02-23T19:05:02+00:00\",\"dateModified\":\"2026-02-23T19:38:47+00:00\",\"breadcrumb\":{\"@id\":\"https:\/\/frymer.eu\/index.php\/vzdaleny-dohled-provozu-technologii\/#breadcrumb\"},\"inLanguage\":\"cs\",\"potentialAction\":[{\"@type\":\"ReadAction\",\"target\":[\"https:\/\/frymer.eu\/index.php\/vzdaleny-dohled-provozu-technologii\/\"]}]},{\"@type\":\"BreadcrumbList\",\"@id\":\"https:\/\/frymer.eu\/index.php\/vzdaleny-dohled-provozu-technologii\/#breadcrumb\",\"itemListElement\":[{\"@type\":\"ListItem\",\"position\":1,\"name\":\"Dom\u016f\",\"item\":\"https:\/\/frymer.eu\/\"},{\"@type\":\"ListItem\",\"position\":2,\"name\":\"Vzd\u00e1len\u00fd dohled provozu technologi\u00ed\"}]},{\"@type\":\"WebSite\",\"@id\":\"https:\/\/frymer.eu\/#website\",\"url\":\"https:\/\/frymer.eu\/\",\"name\":\"Frymer.eu\",\"description\":\"V\u00fdroba a speci\u00e1ln\u00ed \u00fapravy elektrocentr\u00e1l\",\"potentialAction\":[{\"@type\":\"SearchAction\",\"target\":{\"@type\":\"EntryPoint\",\"urlTemplate\":\"https:\/\/frymer.eu\/?s={search_term_string}\"},\"query-input\":{\"@type\":\"PropertyValueSpecification\",\"valueRequired\":true,\"valueName\":\"search_term_string\"}}],\"inLanguage\":\"cs\"}]}<\/script>\n<!-- \/ Yoast SEO plugin. -->","yoast_head_json":{"title":"Vzd\u00e1len\u00fd dohled provozu technologi\u00ed - Frymer.eu","robots":{"index":"index","follow":"follow","max-snippet":"max-snippet:-1","max-image-preview":"max-image-preview:large","max-video-preview":"max-video-preview:-1"},"canonical":"https:\/\/frymer.eu\/index.php\/vzdaleny-dohled-provozu-technologii\/","og_locale":"cs_CZ","og_type":"article","og_title":"Vzd\u00e1len\u00fd dohled provozu technologi\u00ed - Frymer.eu","og_description":"[vc_row][vc_column][vc_column_text] Zaji\u0161\u0165ujeme online monitoring provozu zdroj\u016f elektrick\u00e9 energie a souvisej\u00edc\u00edch technologi\u00ed. Data jsou nep\u0159etr\u017eit\u011b vyhodnocov\u00e1na a umo\u017e\u0148uj\u00ed v\u010dasn\u00fd servisn\u00ed z\u00e1sah bez nutnosti \u010dekat na poruchu. Provozovatel m\u00e1 kdykoliv k dispozici p\u0159ehled o stavu za\u0159\u00edzen\u00ed, historii provozu i alarmov\u00fdch hl\u00e1\u0161en\u00edch. [\/vc_column_text][\/vc_column][\/vc_row][vc_row][vc_column][vc_column_text] V\u00fdhody: nep\u0159etr\u017eit\u00fd p\u0159ehled o za\u0159\u00edzen\u00ed okam\u017eit\u00e1 informace o poru\u0161e nebo odchylce mo\u017enost z\u00e1sahu bez v\u00fdjezdu&hellip;","og_url":"https:\/\/frymer.eu\/index.php\/vzdaleny-dohled-provozu-technologii\/","og_site_name":"Frymer.eu","article_modified_time":"2026-02-23T19:38:47+00:00","twitter_card":"summary_large_image","twitter_misc":{"Odhadovan\u00e1 doba \u010dten\u00ed":"1 minuta"},"schema":{"@context":"https:\/\/schema.org","@graph":[{"@type":"WebPage","@id":"https:\/\/frymer.eu\/index.php\/vzdaleny-dohled-provozu-technologii\/","url":"https:\/\/frymer.eu\/index.php\/vzdaleny-dohled-provozu-technologii\/","name":"Vzd\u00e1len\u00fd dohled provozu technologi\u00ed - Frymer.eu","isPartOf":{"@id":"https:\/\/frymer.eu\/#website"},"datePublished":"2026-02-23T19:05:02+00:00","dateModified":"2026-02-23T19:38:47+00:00","breadcrumb":{"@id":"https:\/\/frymer.eu\/index.php\/vzdaleny-dohled-provozu-technologii\/#breadcrumb"},"inLanguage":"cs","potentialAction":[{"@type":"ReadAction","target":["https:\/\/frymer.eu\/index.php\/vzdaleny-dohled-provozu-technologii\/"]}]},{"@type":"BreadcrumbList","@id":"https:\/\/frymer.eu\/index.php\/vzdaleny-dohled-provozu-technologii\/#breadcrumb","itemListElement":[{"@type":"ListItem","position":1,"name":"Dom\u016f","item":"https:\/\/frymer.eu\/"},{"@type":"ListItem","position":2,"name":"Vzd\u00e1len\u00fd dohled provozu technologi\u00ed"}]},{"@type":"WebSite","@id":"https:\/\/frymer.eu\/#website","url":"https:\/\/frymer.eu\/","name":"Frymer.eu","description":"V\u00fdroba a speci\u00e1ln\u00ed \u00fapravy elektrocentr\u00e1l","potentialAction":[{"@type":"SearchAction","target":{"@type":"EntryPoint","urlTemplate":"https:\/\/frymer.eu\/?s={search_term_string}"},"query-input":{"@type":"PropertyValueSpecification","valueRequired":true,"valueName":"search_term_string"}}],"inLanguage":"cs"}]}},"_links":{"self":[{"href":"https:\/\/frymer.eu\/index.php\/wp-json\/wp\/v2\/pages\/1814","targetHints":{"allow":["GET"]}}],"collection":[{"href":"https:\/\/frymer.eu\/index.php\/wp-json\/wp\/v2\/pages"}],"about":[{"href":"https:\/\/frymer.eu\/index.php\/wp-json\/wp\/v2\/types\/page"}],"author":[{"embeddable":true,"href":"https:\/\/frymer.eu\/index.php\/wp-json\/wp\/v2\/users\/1"}],"replies":[{"embeddable":true,"href":"https:\/\/frymer.eu\/index.php\/wp-json\/wp\/v2\/comments?post=1814"}],"version-history":[{"count":6,"href":"https:\/\/frymer.eu\/index.php\/wp-json\/wp\/v2\/pages\/1814\/revisions"}],"predecessor-version":[{"id":1821,"href":"https:\/\/frymer.eu\/index.php\/wp-json\/wp\/v2\/pages\/1814\/revisions\/1821"}],"wp:attachment":[{"href":"https:\/\/frymer.eu\/index.php\/wp-json\/wp\/v2\/media?parent=1814"}],"curies":[{"name":"wp","href":"https:\/\/api.w.org\/{rel}","templated":true}]}}